{"id":902,"date":"2023-04-13T14:00:24","date_gmt":"2023-04-13T14:00:24","guid":{"rendered":"https:\/\/drohme.saturn.lws-servers.be\/teambuilding-events\/"},"modified":"2023-05-16T07:04:11","modified_gmt":"2023-05-16T07:04:11","slug":"teambuilding-events","status":"publish","type":"page","link":"https:\/\/www.drohme.be\/en\/teambuilding-events\/","title":{"rendered":"Teambuilding &#038; events"},"content":{"rendered":"<p style=\"text-align: center;\">Implant\u00e9 au c\u0153ur de l\u2019ancien site de l\u2019hippodrome, DROHME Village r\u00e9unit des ateliers aux univers sp\u00e9cifiques. Toutes les comp\u00e9tences y sont mises en valeurs, permettant \u00e0 chacun d\u2019y trouver son bonheur. Le temps d\u2019une journ\u00e9e, DROHME vous invite \u00e0 cr\u00e9er votre propre Village d\u2019activit\u00e9s en choisissant celles qui vous conviennent parmi une large gamme de propositions toutes programm\u00e9es sur 1h30\/2h\u00a0: monter un groupe de rock, se balader en v\u00e9lo dans la for\u00eat, fabriquer son propre mug, s\u2019initier \u00e0 la m\u00e9canique du v\u00e9lo, fabriquer des bougies parfum\u00e9es, d\u00e9couvrir le yoga ou le golf, apprendre \u00e0 composer un bouquet de fleurs, profiter d\u2019un coaching sportif,\u2026<\/p>\n<p style=\"text-align: center;\">Chaque activit\u00e9 est encadr\u00e9e par un professionnel ou artisan, permettant de renforcer l\u2019esprit de groupe tout en valorisant les talents de chacun\u00b7e en fonction de ses affinit\u00e9s.<\/p>\n<p style=\"text-align: center;\">D\u00e9couvrez tous les ateliers du Drohme Village<\/p>\n","protected":false},"excerpt":{"rendered":"<p>Implant\u00e9 au c\u0153ur de l\u2019ancien site de l\u2019hippodrome, DROHME Village r\u00e9unit des ateliers aux univers sp\u00e9cifiques. Toutes les comp\u00e9tences y sont mises en valeurs, permettant \u00e0 chacun d\u2019y trouver son bonheur. Le temps d\u2019une journ\u00e9e, DROHME vous invite \u00e0 cr\u00e9er votre propre Village d\u2019activit\u00e9s en choisissant celles qui vous conviennent parmi une large gamme de [&hellip;]<\/p>\n","protected":false},"author":1,"featured_media":1116,"parent":0,"menu_order":0,"comment_status":"closed","ping_status":"closed","template":"","meta":{"_acf_changed":false,"inline_featured_image":false,"footnotes":""},"class_list":["post-902","page","type-page","status-publish","has-post-thumbnail","hentry"],"acf":[],"yoast_head":"<!-- This site is optimized with the Yoast SEO plugin v27.5 - https:\/\/yoast.com\/product\/yoast-seo-wordpress\/ -->\n<title>Teambuilding &amp; events - Drohme<\/title>\n<meta name=\"robots\" content=\"index, follow, max-snippet:-1, max-image-preview:large, max-video-preview:-1\" \/>\n<link rel=\"canonical\" href=\"https:\/\/www.drohme.be\/en\/teambuilding-events\/\" \/>\n<meta property=\"og:locale\" content=\"en_US\" \/>\n<meta property=\"og:type\" content=\"article\" \/>\n<meta property=\"og:title\" content=\"Teambuilding &amp; events - Drohme\" \/>\n<meta property=\"og:description\" content=\"Implant\u00e9 au c\u0153ur de l\u2019ancien site de l\u2019hippodrome, DROHME Village r\u00e9unit des ateliers aux univers sp\u00e9cifiques. Toutes les comp\u00e9tences y sont mises en valeurs, permettant \u00e0 chacun d\u2019y trouver son bonheur. Le temps d\u2019une journ\u00e9e, DROHME vous invite \u00e0 cr\u00e9er votre propre Village d\u2019activit\u00e9s en choisissant celles qui vous conviennent parmi une large gamme de [&hellip;]\" \/>\n<meta property=\"og:url\" content=\"https:\/\/www.drohme.be\/en\/teambuilding-events\/\" \/>\n<meta property=\"og:site_name\" content=\"Drohme\" \/>\n<meta property=\"article:modified_time\" content=\"2023-05-16T07:04:11+00:00\" \/>\n<meta property=\"og:image\" content=\"https:\/\/www.drohme.be\/wp-content\/uploads\/2023\/05\/drohme-background.jpg\" \/>\n\t<meta property=\"og:image:width\" content=\"1598\" \/>\n\t<meta property=\"og:image:height\" content=\"966\" \/>\n\t<meta property=\"og:image:type\" content=\"image\/jpeg\" \/>\n<meta name=\"twitter:card\" content=\"summary_large_image\" \/>\n<meta name=\"twitter:label1\" content=\"Est. reading time\" \/>\n\t<meta name=\"twitter:data1\" content=\"1 minute\" \/>\n<script type=\"application\/ld+json\" class=\"yoast-schema-graph\">{\"@context\":\"https:\\\/\\\/schema.org\",\"@graph\":[{\"@type\":\"WebPage\",\"@id\":\"https:\\\/\\\/www.drohme.be\\\/en\\\/teambuilding-events\\\/\",\"url\":\"https:\\\/\\\/www.drohme.be\\\/en\\\/teambuilding-events\\\/\",\"name\":\"Teambuilding & events - Drohme\",\"isPartOf\":{\"@id\":\"https:\\\/\\\/www.drohme.be\\\/en\\\/#website\"},\"primaryImageOfPage\":{\"@id\":\"https:\\\/\\\/www.drohme.be\\\/en\\\/teambuilding-events\\\/#primaryimage\"},\"image\":{\"@id\":\"https:\\\/\\\/www.drohme.be\\\/en\\\/teambuilding-events\\\/#primaryimage\"},\"thumbnailUrl\":\"https:\\\/\\\/www.drohme.be\\\/wp-content\\\/uploads\\\/2024\\\/06\\\/DSC01299-LR-1.jpg\",\"datePublished\":\"2023-04-13T14:00:24+00:00\",\"dateModified\":\"2023-05-16T07:04:11+00:00\",\"breadcrumb\":{\"@id\":\"https:\\\/\\\/www.drohme.be\\\/en\\\/teambuilding-events\\\/#breadcrumb\"},\"inLanguage\":\"en-US\",\"potentialAction\":[{\"@type\":\"ReadAction\",\"target\":[\"https:\\\/\\\/www.drohme.be\\\/en\\\/teambuilding-events\\\/\"]}]},{\"@type\":\"ImageObject\",\"inLanguage\":\"en-US\",\"@id\":\"https:\\\/\\\/www.drohme.be\\\/en\\\/teambuilding-events\\\/#primaryimage\",\"url\":\"https:\\\/\\\/www.drohme.be\\\/wp-content\\\/uploads\\\/2024\\\/06\\\/DSC01299-LR-1.jpg\",\"contentUrl\":\"https:\\\/\\\/www.drohme.be\\\/wp-content\\\/uploads\\\/2024\\\/06\\\/DSC01299-LR-1.jpg\",\"width\":1181,\"height\":788},{\"@type\":\"BreadcrumbList\",\"@id\":\"https:\\\/\\\/www.drohme.be\\\/en\\\/teambuilding-events\\\/#breadcrumb\",\"itemListElement\":[{\"@type\":\"ListItem\",\"position\":1,\"name\":\"Home\",\"item\":\"https:\\\/\\\/www.drohme.be\\\/en\\\/\"},{\"@type\":\"ListItem\",\"position\":2,\"name\":\"Teambuilding &#038; events\"}]},{\"@type\":\"WebSite\",\"@id\":\"https:\\\/\\\/www.drohme.be\\\/en\\\/#website\",\"url\":\"https:\\\/\\\/www.drohme.be\\\/en\\\/\",\"name\":\"Drohme\",\"description\":\"D\u00e9couvrez votre vraie nature\",\"publisher\":{\"@id\":\"https:\\\/\\\/www.drohme.be\\\/en\\\/#organization\"},\"potentialAction\":[{\"@type\":\"SearchAction\",\"target\":{\"@type\":\"EntryPoint\",\"urlTemplate\":\"https:\\\/\\\/www.drohme.be\\\/en\\\/?s={search_term_string}\"},\"query-input\":{\"@type\":\"PropertyValueSpecification\",\"valueRequired\":true,\"valueName\":\"search_term_string\"}}],\"inLanguage\":\"en-US\"},{\"@type\":\"Organization\",\"@id\":\"https:\\\/\\\/www.drohme.be\\\/en\\\/#organization\",\"name\":\"Drohme\",\"url\":\"https:\\\/\\\/www.drohme.be\\\/en\\\/\",\"logo\":{\"@type\":\"ImageObject\",\"inLanguage\":\"en-US\",\"@id\":\"https:\\\/\\\/www.drohme.be\\\/en\\\/#\\\/schema\\\/logo\\\/image\\\/\",\"url\":\"https:\\\/\\\/www.drohme.be\\\/wp-content\\\/uploads\\\/2025\\\/04\\\/cropped-DROHME_PARK_WHITE.png\",\"contentUrl\":\"https:\\\/\\\/www.drohme.be\\\/wp-content\\\/uploads\\\/2025\\\/04\\\/cropped-DROHME_PARK_WHITE.png\",\"width\":831,\"height\":477,\"caption\":\"Drohme\"},\"image\":{\"@id\":\"https:\\\/\\\/www.drohme.be\\\/en\\\/#\\\/schema\\\/logo\\\/image\\\/\"}}]}<\/script>\n<!-- \/ Yoast SEO plugin. -->","yoast_head_json":{"title":"Teambuilding & events - Drohme","robots":{"index":"index","follow":"follow","max-snippet":"max-snippet:-1","max-image-preview":"max-image-preview:large","max-video-preview":"max-video-preview:-1"},"canonical":"https:\/\/www.drohme.be\/en\/teambuilding-events\/","og_locale":"en_US","og_type":"article","og_title":"Teambuilding & events - Drohme","og_description":"Implant\u00e9 au c\u0153ur de l\u2019ancien site de l\u2019hippodrome, DROHME Village r\u00e9unit des ateliers aux univers sp\u00e9cifiques. Toutes les comp\u00e9tences y sont mises en valeurs, permettant \u00e0 chacun d\u2019y trouver son bonheur. Le temps d\u2019une journ\u00e9e, DROHME vous invite \u00e0 cr\u00e9er votre propre Village d\u2019activit\u00e9s en choisissant celles qui vous conviennent parmi une large gamme de [&hellip;]","og_url":"https:\/\/www.drohme.be\/en\/teambuilding-events\/","og_site_name":"Drohme","article_modified_time":"2023-05-16T07:04:11+00:00","og_image":[{"width":1598,"height":966,"url":"https:\/\/www.drohme.be\/wp-content\/uploads\/2023\/05\/drohme-background.jpg","type":"image\/jpeg"}],"twitter_card":"summary_large_image","twitter_misc":{"Est. reading time":"1 minute"},"schema":{"@context":"https:\/\/schema.org","@graph":[{"@type":"WebPage","@id":"https:\/\/www.drohme.be\/en\/teambuilding-events\/","url":"https:\/\/www.drohme.be\/en\/teambuilding-events\/","name":"Teambuilding & events - Drohme","isPartOf":{"@id":"https:\/\/www.drohme.be\/en\/#website"},"primaryImageOfPage":{"@id":"https:\/\/www.drohme.be\/en\/teambuilding-events\/#primaryimage"},"image":{"@id":"https:\/\/www.drohme.be\/en\/teambuilding-events\/#primaryimage"},"thumbnailUrl":"https:\/\/www.drohme.be\/wp-content\/uploads\/2024\/06\/DSC01299-LR-1.jpg","datePublished":"2023-04-13T14:00:24+00:00","dateModified":"2023-05-16T07:04:11+00:00","breadcrumb":{"@id":"https:\/\/www.drohme.be\/en\/teambuilding-events\/#breadcrumb"},"inLanguage":"en-US","potentialAction":[{"@type":"ReadAction","target":["https:\/\/www.drohme.be\/en\/teambuilding-events\/"]}]},{"@type":"ImageObject","inLanguage":"en-US","@id":"https:\/\/www.drohme.be\/en\/teambuilding-events\/#primaryimage","url":"https:\/\/www.drohme.be\/wp-content\/uploads\/2024\/06\/DSC01299-LR-1.jpg","contentUrl":"https:\/\/www.drohme.be\/wp-content\/uploads\/2024\/06\/DSC01299-LR-1.jpg","width":1181,"height":788},{"@type":"BreadcrumbList","@id":"https:\/\/www.drohme.be\/en\/teambuilding-events\/#breadcrumb","itemListElement":[{"@type":"ListItem","position":1,"name":"Home","item":"https:\/\/www.drohme.be\/en\/"},{"@type":"ListItem","position":2,"name":"Teambuilding &#038; events"}]},{"@type":"WebSite","@id":"https:\/\/www.drohme.be\/en\/#website","url":"https:\/\/www.drohme.be\/en\/","name":"Drohme","description":"D\u00e9couvrez votre vraie nature","publisher":{"@id":"https:\/\/www.drohme.be\/en\/#organization"},"potentialAction":[{"@type":"SearchAction","target":{"@type":"EntryPoint","urlTemplate":"https:\/\/www.drohme.be\/en\/?s={search_term_string}"},"query-input":{"@type":"PropertyValueSpecification","valueRequired":true,"valueName":"search_term_string"}}],"inLanguage":"en-US"},{"@type":"Organization","@id":"https:\/\/www.drohme.be\/en\/#organization","name":"Drohme","url":"https:\/\/www.drohme.be\/en\/","logo":{"@type":"ImageObject","inLanguage":"en-US","@id":"https:\/\/www.drohme.be\/en\/#\/schema\/logo\/image\/","url":"https:\/\/www.drohme.be\/wp-content\/uploads\/2025\/04\/cropped-DROHME_PARK_WHITE.png","contentUrl":"https:\/\/www.drohme.be\/wp-content\/uploads\/2025\/04\/cropped-DROHME_PARK_WHITE.png","width":831,"height":477,"caption":"Drohme"},"image":{"@id":"https:\/\/www.drohme.be\/en\/#\/schema\/logo\/image\/"}}]}},"_links":{"self":[{"href":"https:\/\/www.drohme.be\/en\/wp-json\/wp\/v2\/pages\/902","targetHints":{"allow":["GET"]}}],"collection":[{"href":"https:\/\/www.drohme.be\/en\/wp-json\/wp\/v2\/pages"}],"about":[{"href":"https:\/\/www.drohme.be\/en\/wp-json\/wp\/v2\/types\/page"}],"author":[{"embeddable":true,"href":"https:\/\/www.drohme.be\/en\/wp-json\/wp\/v2\/users\/1"}],"replies":[{"embeddable":true,"href":"https:\/\/www.drohme.be\/en\/wp-json\/wp\/v2\/comments?post=902"}],"version-history":[{"count":4,"href":"https:\/\/www.drohme.be\/en\/wp-json\/wp\/v2\/pages\/902\/revisions"}],"predecessor-version":[{"id":1045,"href":"https:\/\/www.drohme.be\/en\/wp-json\/wp\/v2\/pages\/902\/revisions\/1045"}],"wp:featuredmedia":[{"embeddable":true,"href":"https:\/\/www.drohme.be\/en\/wp-json\/wp\/v2\/media\/1116"}],"wp:attachment":[{"href":"https:\/\/www.drohme.be\/en\/wp-json\/wp\/v2\/media?parent=902"}],"curies":[{"name":"wp","href":"https:\/\/api.w.org\/{rel}","templated":true}]}}